{"id":14,"date":"2024-04-09T19:47:31","date_gmt":"2024-04-09T17:47:31","guid":{"rendered":"https:\/\/penseevisuelle.ludivinedeprince.com\/?page_id=14"},"modified":"2024-04-17T16:29:19","modified_gmt":"2024-04-17T14:29:19","slug":"contact","status":"publish","type":"page","link":"https:\/\/penseevisuelle.ludivinedeprince.com\/index.php\/contact\/","title":{"rendered":"Contact"},"content":{"rendered":"\n<p class=\"texte_impact\">Pour toute information ou demande de devis, veuillez compl\u00e9ter le formulaire ci-dessous. <\/p>\n\n\n\n<p class=\"texte_impact\">D\u00e8s r\u00e9ception de votre message, je vous contacterai pour finaliser votre demande ou vous fournir la r\u00e9ponse attendue.<\/p>\n\n\n\n<div class=\"wp-block-contact-form-7-contact-form-selector\">\n<div class=\"wpcf7 no-js\" id=\"wpcf7-f246-o1\" lang=\"fr-FR\" dir=\"ltr\" data-wpcf7-id=\"246\">\n<div class=\"screen-reader-response\"><p role=\"status\" aria-live=\"polite\" aria-atomic=\"true\"><\/p> <ul><\/ul><\/div>\n<form action=\"\/index.php\/wp-json\/wp\/v2\/pages\/14#wpcf7-f246-o1\" method=\"post\" class=\"wpcf7-form init\" aria-label=\"Formulaire de contact\" novalidate=\"novalidate\" data-status=\"init\">\n<fieldset class=\"hidden-fields-container\"><input type=\"hidden\" name=\"_wpcf7\" value=\"246\" \/><input type=\"hidden\" name=\"_wpcf7_version\" value=\"6.1.5\" \/><input type=\"hidden\" name=\"_wpcf7_locale\" value=\"fr_FR\" \/><input type=\"hidden\" name=\"_wpcf7_unit_tag\" value=\"wpcf7-f246-o1\" \/><input type=\"hidden\" name=\"_wpcf7_container_post\" value=\"0\" \/><input type=\"hidden\" name=\"_wpcf7_posted_data_hash\" value=\"\" \/><input type=\"hidden\" name=\"_wpcf7_recaptcha_response\" value=\"\" \/>\n<\/fieldset>\n<p><label> Votre nom<br \/>\n<span class=\"wpcf7-form-control-wrap\" data-name=\"your-name\"><input size=\"40\" maxlength=\"400\" class=\"wpcf7-form-control wpcf7-text wpcf7-validates-as-required\" autocomplete=\"name\" aria-required=\"true\" aria-invalid=\"false\" value=\"\" type=\"text\" name=\"your-name\" \/><\/span> <\/label>\n<\/p>\n<p><label> Votre e-mail<br \/>\n<span class=\"wpcf7-form-control-wrap\" data-name=\"your-email\"><input size=\"40\" maxlength=\"400\" class=\"wpcf7-form-control wpcf7-email wpcf7-validates-as-required wpcf7-text wpcf7-validates-as-email\" autocomplete=\"email\" aria-required=\"true\" aria-invalid=\"false\" value=\"\" type=\"email\" name=\"your-email\" \/><\/span> <\/label>\n<\/p>\n<p><label> Objet<br \/>\n<span class=\"wpcf7-form-control-wrap\" data-name=\"your-subject\"><input size=\"40\" maxlength=\"400\" class=\"wpcf7-form-control wpcf7-text wpcf7-validates-as-required\" aria-required=\"true\" aria-invalid=\"false\" value=\"\" type=\"text\" name=\"your-subject\" \/><\/span> <\/label>\n<\/p>\n<p><label> Votre message<br \/>\n<span class=\"wpcf7-form-control-wrap\" data-name=\"your-message\"><textarea cols=\"40\" rows=\"10\" maxlength=\"2000\" class=\"wpcf7-form-control wpcf7-textarea wpcf7-validates-as-required\" aria-required=\"true\" aria-invalid=\"false\" name=\"your-message\"><\/textarea><\/span> <\/label>\n<\/p>\n\n<p><input class=\"wpcf7-form-control wpcf7-submit has-spinner\" type=\"submit\" value=\"Envoyer\" \/>\n<\/p><div class=\"wpcf7-response-output\" aria-hidden=\"true\"><\/div>\n<\/form>\n<\/div>\n<\/div>\n","protected":false},"excerpt":{"rendered":"<p>Pour toute information ou demande de devis, veuillez compl\u00e9ter le formulaire ci-dessous. D\u00e8s r\u00e9ception de votre message, je vous contacterai pour finaliser votre demande ou vous fournir la r\u00e9ponse attendue.<\/p>\n","protected":false},"author":1,"featured_media":0,"parent":0,"menu_order":0,"comment_status":"closed","ping_status":"closed","template":"","meta":{"footnotes":""},"class_list":["post-14","page","type-page","status-publish","hentry"],"yoast_head":"<!-- This site is optimized with the Yoast SEO plugin v27.5 - https:\/\/yoast.com\/product\/yoast-seo-wordpress\/ -->\n<title>Contact - Ludivine De Prince - Pens\u00e9e visuelle<\/title>\n<meta name=\"robots\" content=\"index, follow, max-snippet:-1, max-image-preview:large, max-video-preview:-1\" \/>\n<link rel=\"canonical\" href=\"https:\/\/penseevisuelle.ludivinedeprince.com\/index.php\/contact\/\" \/>\n<meta property=\"og:locale\" content=\"en_US\" \/>\n<meta property=\"og:type\" content=\"article\" \/>\n<meta property=\"og:title\" content=\"Contact - Ludivine De Prince - Pens\u00e9e visuelle\" \/>\n<meta property=\"og:description\" content=\"Pour toute information ou demande de devis, veuillez compl\u00e9ter le formulaire ci-dessous. D\u00e8s r\u00e9ception de votre message, je vous contacterai pour finaliser votre demande ou vous fournir la r\u00e9ponse attendue.\" \/>\n<meta property=\"og:url\" content=\"https:\/\/penseevisuelle.ludivinedeprince.com\/index.php\/contact\/\" \/>\n<meta property=\"og:site_name\" content=\"Ludivine De Prince - Pens\u00e9e visuelle\" \/>\n<meta property=\"article:publisher\" content=\"https:\/\/www.facebook.com\/ludivine.deprince\" \/>\n<meta property=\"article:modified_time\" content=\"2024-04-17T14:29:19+00:00\" \/>\n<meta name=\"twitter:card\" content=\"summary_large_image\" \/>\n<script type=\"application\/ld+json\" class=\"yoast-schema-graph\">{\"@context\":\"https:\\\/\\\/schema.org\",\"@graph\":[{\"@type\":\"WebPage\",\"@id\":\"https:\\\/\\\/penseevisuelle.ludivinedeprince.com\\\/index.php\\\/contact\\\/\",\"url\":\"https:\\\/\\\/penseevisuelle.ludivinedeprince.com\\\/index.php\\\/contact\\\/\",\"name\":\"Contact - Ludivine De Prince - Pens\u00e9e visuelle\",\"isPartOf\":{\"@id\":\"https:\\\/\\\/penseevisuelle.ludivinedeprince.com\\\/#website\"},\"datePublished\":\"2024-04-09T17:47:31+00:00\",\"dateModified\":\"2024-04-17T14:29:19+00:00\",\"breadcrumb\":{\"@id\":\"https:\\\/\\\/penseevisuelle.ludivinedeprince.com\\\/index.php\\\/contact\\\/#breadcrumb\"},\"inLanguage\":\"en-US\",\"potentialAction\":[{\"@type\":\"ReadAction\",\"target\":[\"https:\\\/\\\/penseevisuelle.ludivinedeprince.com\\\/index.php\\\/contact\\\/\"]}]},{\"@type\":\"BreadcrumbList\",\"@id\":\"https:\\\/\\\/penseevisuelle.ludivinedeprince.com\\\/index.php\\\/contact\\\/#breadcrumb\",\"itemListElement\":[{\"@type\":\"ListItem\",\"position\":1,\"name\":\"Home\",\"item\":\"https:\\\/\\\/penseevisuelle.ludivinedeprince.com\\\/\"},{\"@type\":\"ListItem\",\"position\":2,\"name\":\"Contact\"}]},{\"@type\":\"WebSite\",\"@id\":\"https:\\\/\\\/penseevisuelle.ludivinedeprince.com\\\/#website\",\"url\":\"https:\\\/\\\/penseevisuelle.ludivinedeprince.com\\\/\",\"name\":\"Ludivine De Prince - Pens\u00e9e visuelle\",\"description\":\"Au del\u00e0 des yeux ...\",\"publisher\":{\"@id\":\"https:\\\/\\\/penseevisuelle.ludivinedeprince.com\\\/#\\\/schema\\\/person\\\/decf1cc2c164cedb38366f4d3bc7224a\"},\"potentialAction\":[{\"@type\":\"SearchAction\",\"target\":{\"@type\":\"EntryPoint\",\"urlTemplate\":\"https:\\\/\\\/penseevisuelle.ludivinedeprince.com\\\/?s={search_term_string}\"},\"query-input\":{\"@type\":\"PropertyValueSpecification\",\"valueRequired\":true,\"valueName\":\"search_term_string\"}}],\"inLanguage\":\"en-US\"},{\"@type\":[\"Person\",\"Organization\"],\"@id\":\"https:\\\/\\\/penseevisuelle.ludivinedeprince.com\\\/#\\\/schema\\\/person\\\/decf1cc2c164cedb38366f4d3bc7224a\",\"name\":\"Ludivine De Prince\",\"image\":{\"@type\":\"ImageObject\",\"inLanguage\":\"en-US\",\"@id\":\"https:\\\/\\\/penseevisuelle.ludivinedeprince.com\\\/wp-content\\\/uploads\\\/2024\\\/04\\\/cropped-perso_logo.jpeg\",\"url\":\"https:\\\/\\\/penseevisuelle.ludivinedeprince.com\\\/wp-content\\\/uploads\\\/2024\\\/04\\\/cropped-perso_logo.jpeg\",\"contentUrl\":\"https:\\\/\\\/penseevisuelle.ludivinedeprince.com\\\/wp-content\\\/uploads\\\/2024\\\/04\\\/cropped-perso_logo.jpeg\",\"width\":898,\"height\":898,\"caption\":\"Ludivine De Prince\"},\"logo\":{\"@id\":\"https:\\\/\\\/penseevisuelle.ludivinedeprince.com\\\/wp-content\\\/uploads\\\/2024\\\/04\\\/cropped-perso_logo.jpeg\"},\"sameAs\":[\"http:\\\/\\\/penseevisuelle.ludivinedeprince.com\",\"https:\\\/\\\/www.facebook.com\\\/ludivine.deprince\",\"https:\\\/\\\/www.instagram.com\\\/ludivine.deprince\\\/\",\"https:\\\/\\\/www.linkedin.com\\\/in\\\/ludivine-de-prince\\\/\"]}]}<\/script>\n<!-- \/ Yoast SEO plugin. -->","yoast_head_json":{"title":"Contact - Ludivine De Prince - Pens\u00e9e visuelle","robots":{"index":"index","follow":"follow","max-snippet":"max-snippet:-1","max-image-preview":"max-image-preview:large","max-video-preview":"max-video-preview:-1"},"canonical":"https:\/\/penseevisuelle.ludivinedeprince.com\/index.php\/contact\/","og_locale":"en_US","og_type":"article","og_title":"Contact - Ludivine De Prince - Pens\u00e9e visuelle","og_description":"Pour toute information ou demande de devis, veuillez compl\u00e9ter le formulaire ci-dessous. D\u00e8s r\u00e9ception de votre message, je vous contacterai pour finaliser votre demande ou vous fournir la r\u00e9ponse attendue.","og_url":"https:\/\/penseevisuelle.ludivinedeprince.com\/index.php\/contact\/","og_site_name":"Ludivine De Prince - Pens\u00e9e visuelle","article_publisher":"https:\/\/www.facebook.com\/ludivine.deprince","article_modified_time":"2024-04-17T14:29:19+00:00","twitter_card":"summary_large_image","schema":{"@context":"https:\/\/schema.org","@graph":[{"@type":"WebPage","@id":"https:\/\/penseevisuelle.ludivinedeprince.com\/index.php\/contact\/","url":"https:\/\/penseevisuelle.ludivinedeprince.com\/index.php\/contact\/","name":"Contact - Ludivine De Prince - Pens\u00e9e visuelle","isPartOf":{"@id":"https:\/\/penseevisuelle.ludivinedeprince.com\/#website"},"datePublished":"2024-04-09T17:47:31+00:00","dateModified":"2024-04-17T14:29:19+00:00","breadcrumb":{"@id":"https:\/\/penseevisuelle.ludivinedeprince.com\/index.php\/contact\/#breadcrumb"},"inLanguage":"en-US","potentialAction":[{"@type":"ReadAction","target":["https:\/\/penseevisuelle.ludivinedeprince.com\/index.php\/contact\/"]}]},{"@type":"BreadcrumbList","@id":"https:\/\/penseevisuelle.ludivinedeprince.com\/index.php\/contact\/#breadcrumb","itemListElement":[{"@type":"ListItem","position":1,"name":"Home","item":"https:\/\/penseevisuelle.ludivinedeprince.com\/"},{"@type":"ListItem","position":2,"name":"Contact"}]},{"@type":"WebSite","@id":"https:\/\/penseevisuelle.ludivinedeprince.com\/#website","url":"https:\/\/penseevisuelle.ludivinedeprince.com\/","name":"Ludivine De Prince - Pens\u00e9e visuelle","description":"Au del\u00e0 des yeux ...","publisher":{"@id":"https:\/\/penseevisuelle.ludivinedeprince.com\/#\/schema\/person\/decf1cc2c164cedb38366f4d3bc7224a"},"potentialAction":[{"@type":"SearchAction","target":{"@type":"EntryPoint","urlTemplate":"https:\/\/penseevisuelle.ludivinedeprince.com\/?s={search_term_string}"},"query-input":{"@type":"PropertyValueSpecification","valueRequired":true,"valueName":"search_term_string"}}],"inLanguage":"en-US"},{"@type":["Person","Organization"],"@id":"https:\/\/penseevisuelle.ludivinedeprince.com\/#\/schema\/person\/decf1cc2c164cedb38366f4d3bc7224a","name":"Ludivine De Prince","image":{"@type":"ImageObject","inLanguage":"en-US","@id":"https:\/\/penseevisuelle.ludivinedeprince.com\/wp-content\/uploads\/2024\/04\/cropped-perso_logo.jpeg","url":"https:\/\/penseevisuelle.ludivinedeprince.com\/wp-content\/uploads\/2024\/04\/cropped-perso_logo.jpeg","contentUrl":"https:\/\/penseevisuelle.ludivinedeprince.com\/wp-content\/uploads\/2024\/04\/cropped-perso_logo.jpeg","width":898,"height":898,"caption":"Ludivine De Prince"},"logo":{"@id":"https:\/\/penseevisuelle.ludivinedeprince.com\/wp-content\/uploads\/2024\/04\/cropped-perso_logo.jpeg"},"sameAs":["http:\/\/penseevisuelle.ludivinedeprince.com","https:\/\/www.facebook.com\/ludivine.deprince","https:\/\/www.instagram.com\/ludivine.deprince\/","https:\/\/www.linkedin.com\/in\/ludivine-de-prince\/"]}]}},"_links":{"self":[{"href":"https:\/\/penseevisuelle.ludivinedeprince.com\/index.php\/wp-json\/wp\/v2\/pages\/14","targetHints":{"allow":["GET"]}}],"collection":[{"href":"https:\/\/penseevisuelle.ludivinedeprince.com\/index.php\/wp-json\/wp\/v2\/pages"}],"about":[{"href":"https:\/\/penseevisuelle.ludivinedeprince.com\/index.php\/wp-json\/wp\/v2\/types\/page"}],"author":[{"embeddable":true,"href":"https:\/\/penseevisuelle.ludivinedeprince.com\/index.php\/wp-json\/wp\/v2\/users\/1"}],"replies":[{"embeddable":true,"href":"https:\/\/penseevisuelle.ludivinedeprince.com\/index.php\/wp-json\/wp\/v2\/comments?post=14"}],"version-history":[{"count":13,"href":"https:\/\/penseevisuelle.ludivinedeprince.com\/index.php\/wp-json\/wp\/v2\/pages\/14\/revisions"}],"predecessor-version":[{"id":731,"href":"https:\/\/penseevisuelle.ludivinedeprince.com\/index.php\/wp-json\/wp\/v2\/pages\/14\/revisions\/731"}],"wp:attachment":[{"href":"https:\/\/penseevisuelle.ludivinedeprince.com\/index.php\/wp-json\/wp\/v2\/media?parent=14"}],"curies":[{"name":"wp","href":"https:\/\/api.w.org\/{rel}","templated":true}]}}